{"id":2940,"date":"2025-02-07T09:18:36","date_gmt":"2025-02-07T08:18:36","guid":{"rendered":"https:\/\/test.justiciahidrica.org\/?page_id=2940"},"modified":"2025-11-27T15:20:40","modified_gmt":"2025-11-27T14:20:40","slug":"espanol","status":"publish","type":"page","link":"https:\/\/justiciahidrica.org\/en\/","title":{"rendered":"Home"},"content":{"rendered":"<div data-elementor-type=\"wp-page\" data-elementor-id=\"2940\" class=\"elementor elementor-2940\">\n\t\t\t\t<div class=\"elementor-element elementor-element-51d83d3 e-flex e-con-boxed e-con e-parent\" data-id=\"51d83d3\" data-element_type=\"container\" data-settings=\"{&quot;background_background&quot;:&quot;classic&quot;}\">\n\t\t\t\t\t<div class=\"e-con-inner\">\n\t\t\t\t\t<\/div>\n\t\t\t\t<\/div>\n\t\t<div class=\"elementor-element elementor-element-f2ce01f e-flex e-con-boxed e-con e-parent\" data-id=\"f2ce01f\" data-element_type=\"container\" data-settings=\"{&quot;background_background&quot;:&quot;classic&quot;}\">\n\t\t\t\t\t<div class=\"e-con-inner\">\n\t\t<div class=\"elementor-element elementor-element-c26fed7 e-con-full e-flex e-con e-child\" data-id=\"c26fed7\" data-element_type=\"container\">\n\t\t<div class=\"elementor-element elementor-element-9653193 e-con-full e-flex e-con e-child\" data-id=\"9653193\" data-element_type=\"container\" data-settings=\"{&quot;background_background&quot;:&quot;classic&quot;}\">\n\t\t\t\t<div class=\"elementor-element elementor-element-ac95b1e elementor-widget elementor-widget-spacer\" data-id=\"ac95b1e\" data-element_type=\"widget\" data-widget_type=\"spacer.default\">\n\t\t\t\t<div class=\"elementor-widget-container\">\n\t\t\t\t\t\t\t<div class=\"elementor-spacer\">\n\t\t\t<div class=\"elementor-spacer-inner\"><\/div>\n\t\t<\/div>\n\t\t\t\t\t\t<\/div>\n\t\t\t\t<\/div>\n\t\t\t\t<div class=\"elementor-element elementor-element-f474faf elementor-widget elementor-widget-spacer\" data-id=\"f474faf\" data-element_type=\"widget\" data-widget_type=\"spacer.default\">\n\t\t\t\t<div class=\"elementor-widget-container\">\n\t\t\t\t\t\t\t<div class=\"elementor-spacer\">\n\t\t\t<div class=\"elementor-spacer-inner\"><\/div>\n\t\t<\/div>\n\t\t\t\t\t\t<\/div>\n\t\t\t\t<\/div>\n\t\t\t\t<div class=\"elementor-element elementor-element-47f5d6f elementor-invisible elementor-widget elementor-widget-heading\" data-id=\"47f5d6f\" data-element_type=\"widget\" data-settings=\"{&quot;_animation&quot;:&quot;fadeInDown&quot;}\" data-widget_type=\"heading.default\">\n\t\t\t\t<div class=\"elementor-widget-container\">\n\t\t\t\t\t<h2 class=\"elementor-heading-title elementor-size-default\">Water Justice<\/h2>\t\t\t\t<\/div>\n\t\t\t\t<\/div>\n\t\t\t\t<div class=\"elementor-element elementor-element-03a07e0 elementor-widget-mobile__width-initial elementor-invisible elementor-widget elementor-widget-text-editor\" data-id=\"03a07e0\" data-element_type=\"widget\" data-settings=\"{&quot;_animation&quot;:&quot;fadeInDown&quot;}\" data-widget_type=\"text-editor.default\">\n\t\t\t\t<div class=\"elementor-widget-container\">\n\t\t\t\t\t\t\t\t\t<p><em>Water accumulation, conflicts and civil society strategies<\/em><\/p>\t\t\t\t\t\t\t\t<\/div>\n\t\t\t\t<\/div>\n\t\t\t\t<div class=\"elementor-element elementor-element-d8c102a elementor-widget elementor-widget-spacer\" data-id=\"d8c102a\" data-element_type=\"widget\" data-widget_type=\"spacer.default\">\n\t\t\t\t<div class=\"elementor-widget-container\">\n\t\t\t\t\t\t\t<div class=\"elementor-spacer\">\n\t\t\t<div class=\"elementor-spacer-inner\"><\/div>\n\t\t<\/div>\n\t\t\t\t\t\t<\/div>\n\t\t\t\t<\/div>\n\t\t\t\t<div class=\"elementor-element elementor-element-62f2772 elementor-align-center elementor-invisible elementor-widget elementor-widget-button\" data-id=\"62f2772\" data-element_type=\"widget\" data-settings=\"{&quot;_animation&quot;:&quot;fadeInDown&quot;}\" data-widget_type=\"button.default\">\n\t\t\t\t<div class=\"elementor-widget-container\">\n\t\t\t\t\t\t\t\t\t<div class=\"elementor-button-wrapper\">\n\t\t\t\t\t<a class=\"elementor-button elementor-button-link elementor-size-sm\" href=\"https:\/\/justiciahidrica.org\/en\/contact\/?lang=en\">\n\t\t\t\t\t\t<span class=\"elementor-button-content-wrapper\">\n\t\t\t\t\t\t\t\t\t<span class=\"elementor-button-text\">Contact<\/span>\n\t\t\t\t\t<\/span>\n\t\t\t\t\t<\/a>\n\t\t\t\t<\/div>\n\t\t\t\t\t\t\t\t<\/div>\n\t\t\t\t<\/div>\n\t\t\t\t<\/div>\n\t\t\t\t<div class=\"elementor-element elementor-element-0dbca49 elementor-widget elementor-widget-spacer\" data-id=\"0dbca49\" data-element_type=\"widget\" data-widget_type=\"spacer.default\">\n\t\t\t\t<div class=\"elementor-widget-container\">\n\t\t\t\t\t\t\t<div class=\"elementor-spacer\">\n\t\t\t<div class=\"elementor-spacer-inner\"><\/div>\n\t\t<\/div>\n\t\t\t\t\t\t<\/div>\n\t\t\t\t<\/div>\n\t\t\t\t<div class=\"elementor-element elementor-element-3eb1587 elementor-invisible elementor-widget elementor-widget-heading\" data-id=\"3eb1587\" data-element_type=\"widget\" data-settings=\"{&quot;_animation&quot;:&quot;fadeInUp&quot;}\" data-widget_type=\"heading.default\">\n\t\t\t\t<div class=\"elementor-widget-container\">\n\t\t\t\t\t<h2 class=\"elementor-heading-title elementor-size-default\">Welcome!<\/h2>\t\t\t\t<\/div>\n\t\t\t\t<\/div>\n\t\t\t\t<div class=\"elementor-element elementor-element-1651aa0 elementor-widget elementor-widget-spacer\" data-id=\"1651aa0\" data-element_type=\"widget\" data-widget_type=\"spacer.default\">\n\t\t\t\t<div class=\"elementor-widget-container\">\n\t\t\t\t\t\t\t<div class=\"elementor-spacer\">\n\t\t\t<div class=\"elementor-spacer-inner\"><\/div>\n\t\t<\/div>\n\t\t\t\t\t\t<\/div>\n\t\t\t\t<\/div>\n\t\t\t\t<div class=\"elementor-element elementor-element-7bbb719 elementor-widget elementor-widget-heading\" data-id=\"7bbb719\" data-element_type=\"widget\" data-widget_type=\"heading.default\">\n\t\t\t\t<div class=\"elementor-widget-container\">\n\t\t\t\t\t<h2 class=\"elementor-heading-title elementor-size-default\">Water Justice is a broad international research, training, and action alliance. Its aim is to contribute to water justice, in the form of democratic water policies and sustainable development practices that support a more equitable distribution of water.<\/h2>\t\t\t\t<\/div>\n\t\t\t\t<\/div>\n\t\t\t\t<div class=\"elementor-element elementor-element-5727d9d animated-slow elementor-widget elementor-widget-heading\" data-id=\"5727d9d\" data-element_type=\"widget\" data-settings=\"{&quot;_animation&quot;:&quot;none&quot;}\" data-widget_type=\"heading.default\">\n\t\t\t\t<div class=\"elementor-widget-container\">\n\t\t\t\t\t<h2 class=\"elementor-heading-title elementor-size-default\">The alliance strategically connects:<\/h2>\t\t\t\t<\/div>\n\t\t\t\t<\/div>\n\t\t<div class=\"elementor-element elementor-element-e662232 e-grid e-con-full e-con e-child\" data-id=\"e662232\" data-element_type=\"container\">\n\t\t\t\t<div class=\"elementor-element elementor-element-7db510f animated-fast elementor-invisible elementor-widget elementor-widget-image\" data-id=\"7db510f\" data-element_type=\"widget\" data-settings=\"{&quot;_animation&quot;:&quot;fadeInDown&quot;}\" data-widget_type=\"image.default\">\n\t\t\t\t<div class=\"elementor-widget-container\">\n\t\t\t\t\t\t\t\t\t\t\t\t\t\t\t<img data-opt-id=1037511655  fetchpriority=\"high\" decoding=\"async\" width=\"1999\" height=\"1321\" src=\"https:\/\/mlgrek1xyv3l.i.optimole.com\/w:1634\/h:1080\/q:mauto\/ig:avif\/https:\/\/justiciahidrica.org\/wp-content\/uploads\/2014\/08\/DSC_2132.jpg\" class=\"attachment-full size-full wp-image-1604\" alt=\"\" srcset=\"https:\/\/mlgrek1xyv3l.i.optimole.com\/w:1634\/h:1080\/q:mauto\/ig:avif\/https:\/\/justiciahidrica.org\/wp-content\/uploads\/2014\/08\/DSC_2132.jpg 1999w, https:\/\/mlgrek1xyv3l.i.optimole.com\/w:400\/h:264\/q:mauto\/ig:avif\/https:\/\/justiciahidrica.org\/wp-content\/uploads\/2014\/08\/DSC_2132.jpg 400w, https:\/\/mlgrek1xyv3l.i.optimole.com\/w:1024\/h:676\/q:mauto\/ig:avif\/https:\/\/justiciahidrica.org\/wp-content\/uploads\/2014\/08\/DSC_2132.jpg 1024w\" sizes=\"(max-width: 800px) 100vw, 800px\" \/>\t\t\t\t\t\t\t\t\t\t\t\t\t\t\t<\/div>\n\t\t\t\t<\/div>\n\t\t\t\t<div class=\"elementor-element elementor-element-0deea7b animated-fast elementor-invisible elementor-widget elementor-widget-image\" data-id=\"0deea7b\" data-element_type=\"widget\" data-settings=\"{&quot;_animation&quot;:&quot;fadeInDown&quot;}\" data-widget_type=\"image.default\">\n\t\t\t\t<div class=\"elementor-widget-container\">\n\t\t\t\t\t\t\t\t\t\t\t\t\t\t\t<img data-opt-id=641481150  fetchpriority=\"high\" decoding=\"async\" width=\"5184\" height=\"3456\" src=\"https:\/\/mlgrek1xyv3l.i.optimole.com\/w:1620\/h:1080\/q:mauto\/ig:avif\/https:\/\/justiciahidrica.org\/wp-content\/uploads\/2016\/09\/IMG_9413.jpg\" class=\"attachment-full size-full wp-image-2472\" alt=\"\" srcset=\"https:\/\/mlgrek1xyv3l.i.optimole.com\/w:1620\/h:1080\/q:mauto\/ig:avif\/https:\/\/justiciahidrica.org\/wp-content\/uploads\/2016\/09\/IMG_9413.jpg 5184w, https:\/\/mlgrek1xyv3l.i.optimole.com\/w:400\/h:267\/q:mauto\/ig:avif\/https:\/\/justiciahidrica.org\/wp-content\/uploads\/2016\/09\/IMG_9413.jpg 400w, https:\/\/mlgrek1xyv3l.i.optimole.com\/w:1024\/h:683\/q:mauto\/ig:avif\/https:\/\/justiciahidrica.org\/wp-content\/uploads\/2016\/09\/IMG_9413.jpg 1024w\" sizes=\"(max-width: 800px) 100vw, 800px\" \/>\t\t\t\t\t\t\t\t\t\t\t\t\t\t\t<\/div>\n\t\t\t\t<\/div>\n\t\t\t\t<div class=\"elementor-element elementor-element-0284d2f animated-fast elementor-invisible elementor-widget elementor-widget-image\" data-id=\"0284d2f\" data-element_type=\"widget\" data-settings=\"{&quot;_animation&quot;:&quot;fadeInDown&quot;}\" data-widget_type=\"image.default\">\n\t\t\t\t<div class=\"elementor-widget-container\">\n\t\t\t\t\t\t\t\t\t\t\t\t\t\t\t<img data-opt-id=576943647  decoding=\"async\" width=\"600\" height=\"374\" src=\"https:\/\/justiciahidrica.org\/wp-content\/uploads\/2015\/06\/curso.bmp\" class=\"attachment-full size-full wp-image-2198\" alt=\"\" \/>\t\t\t\t\t\t\t\t\t\t\t\t\t\t\t<\/div>\n\t\t\t\t<\/div>\n\t\t\t\t<div class=\"elementor-element elementor-element-f582ae6 elementor-drop-cap-yes elementor-drop-cap-view-default elementor-widget elementor-widget-text-editor\" data-id=\"f582ae6\" data-element_type=\"widget\" data-settings=\"{&quot;drop_cap&quot;:&quot;yes&quot;,&quot;_animation&quot;:&quot;none&quot;}\" data-widget_type=\"text-editor.default\">\n\t\t\t\t<div class=\"elementor-widget-container\">\n\t\t\t\t\t\t\t\t\t<p>1 Comparative and interdisciplinary research about mechanisms of water accumulation and conflicts<\/p>\t\t\t\t\t\t\t\t<\/div>\n\t\t\t\t<\/div>\n\t\t\t\t<div class=\"elementor-element elementor-element-6bfb456 elementor-drop-cap-yes elementor-drop-cap-view-default elementor-widget elementor-widget-text-editor\" data-id=\"6bfb456\" data-element_type=\"widget\" data-settings=\"{&quot;drop_cap&quot;:&quot;yes&quot;,&quot;_animation&quot;:&quot;none&quot;}\" data-widget_type=\"text-editor.default\">\n\t\t\t\t<div class=\"elementor-widget-container\">\n\t\t\t\t\t\t\t\t\t<p>2 Capacity building initiatives and awareness building of a critical mass of water professionals, water users\u2019 leaders and policy makers;<\/p>\t\t\t\t\t\t\t\t<\/div>\n\t\t\t\t<\/div>\n\t\t\t\t<div class=\"elementor-element elementor-element-b56e547 elementor-drop-cap-yes elementor-drop-cap-view-default elementor-widget elementor-widget-text-editor\" data-id=\"b56e547\" data-element_type=\"widget\" data-settings=\"{&quot;drop_cap&quot;:&quot;yes&quot;,&quot;_animation&quot;:&quot;none&quot;}\" data-widget_type=\"text-editor.default\">\n\t\t\t\t<div class=\"elementor-widget-container\">\n\t\t\t\t\t\t\t\t\t<p>3. Support civil society strategies focused on improving the position of groups with fewer rights and voices on water issues.<\/p>\t\t\t\t\t\t\t\t<\/div>\n\t\t\t\t<\/div>\n\t\t\t\t<\/div>\n\t\t\t\t<\/div>\n\t\t\t\t\t<\/div>\n\t\t\t\t<\/div>\n\t\t<div class=\"elementor-element elementor-element-452b06b e-flex e-con-boxed e-con e-parent\" data-id=\"452b06b\" data-element_type=\"container\">\n\t\t\t\t\t<div class=\"e-con-inner\">\n\t\t\t\t<div class=\"elementor-element elementor-element-1ed7874 animated-slow elementor-invisible elementor-widget elementor-widget-button\" data-id=\"1ed7874\" data-element_type=\"widget\" data-settings=\"{&quot;_animation&quot;:&quot;fadeInUp&quot;}\" data-widget_type=\"button.default\">\n\t\t\t\t<div class=\"elementor-widget-container\">\n\t\t\t\t\t\t\t\t\t<div class=\"elementor-button-wrapper\">\n\t\t\t\t\t<a class=\"elementor-button elementor-button-link elementor-size-sm\" href=\"https:\/\/justiciahidrica.org\/en\/the-justicia-hidricawater-justice-alliance\/\">\n\t\t\t\t\t\t<span class=\"elementor-button-content-wrapper\">\n\t\t\t\t\t\t\t\t\t<span class=\"elementor-button-text\">Learn More<\/span>\n\t\t\t\t\t<\/span>\n\t\t\t\t\t<\/a>\n\t\t\t\t<\/div>\n\t\t\t\t\t\t\t\t<\/div>\n\t\t\t\t<\/div>\n\t\t\t\t\t<\/div>\n\t\t\t\t<\/div>\n\t\t<div class=\"elementor-element elementor-element-a89f8d5 e-flex e-con-boxed e-con e-parent\" data-id=\"a89f8d5\" data-element_type=\"container\" data-settings=\"{&quot;background_background&quot;:&quot;slideshow&quot;,&quot;background_slideshow_gallery&quot;:[{&quot;id&quot;:2745,&quot;url&quot;:&quot;https:\\/\\/mlgrek1xyv3l.i.optimole.com\\/w:auto\\/h:auto\\/q:mauto\\/ig:avif\\/https:\\/\\/justiciahidrica.org\\/wp-content\\/uploads\\/2019\\/07\\/Cumbre-Agraria-Pueblorrico-2015_foto-tomada-por-Denisse-Roca-Servat.jpg&quot;},{&quot;id&quot;:2470,&quot;url&quot;:&quot;https:\\/\\/mlgrek1xyv3l.i.optimole.com\\/w:auto\\/h:auto\\/q:mauto\\/ig:avif\\/https:\\/\\/justiciahidrica.org\\/wp-content\\/uploads\\/2016\\/09\\/IMG_9423.jpg&quot;},{&quot;id&quot;:2468,&quot;url&quot;:&quot;https:\\/\\/mlgrek1xyv3l.i.optimole.com\\/w:auto\\/h:auto\\/q:mauto\\/ig:avif\\/https:\\/\\/justiciahidrica.org\\/wp-content\\/uploads\\/2016\\/09\\/IMG_9457.jpg&quot;},{&quot;id&quot;:3690,&quot;url&quot;:&quot;https:\\/\\/mlgrek1xyv3l.i.optimole.com\\/w:auto\\/h:auto\\/q:mauto\\/ig:avif\\/https:\\/\\/justiciahidrica.org\\/wp-content\\/uploads\\/2025\\/05\\/agua-infraestructura-gente-y-campo-scaled.jpg&quot;},{&quot;id&quot;:2259,&quot;url&quot;:&quot;https:\\/\\/mlgrek1xyv3l.i.optimole.com\\/w:auto\\/h:auto\\/q:mauto\\/ig:avif\\/https:\\/\\/justiciahidrica.org\\/wp-content\\/uploads\\/2015\\/11\\/JHcursoCali-e1447749920642.jpg&quot;},{&quot;id&quot;:2159,&quot;url&quot;:&quot;https:\\/\\/mlgrek1xyv3l.i.optimole.com\\/w:auto\\/h:auto\\/q:mauto\\/ig:avif\\/https:\\/\\/justiciahidrica.org\\/wp-content\\/uploads\\/2015\\/02\\/ana_foto-omslag-dvd-e1424849324750.png&quot;},{&quot;id&quot;:1113,&quot;url&quot;:&quot;https:\\/\\/mlgrek1xyv3l.i.optimole.com\\/w:auto\\/h:auto\\/q:mauto\\/ig:avif\\/https:\\/\\/justiciahidrica.org\\/wp-content\\/uploads\\/2013\\/01\\/DSC_0828.jpg&quot;},{&quot;id&quot;:577,&quot;url&quot;:&quot;https:\\/\\/mlgrek1xyv3l.i.optimole.com\\/w:auto\\/h:auto\\/q:mauto\\/ig:avif\\/https:\\/\\/justiciahidrica.org\\/wp-content\\/uploads\\/2012\\/02\\/Final-proceedings-Pune-workshop-Water-Justice.gif&quot;},{&quot;id&quot;:700,&quot;url&quot;:&quot;https:\\/\\/mlgrek1xyv3l.i.optimole.com\\/w:auto\\/h:auto\\/q:mauto\\/ig:avif\\/https:\\/\\/justiciahidrica.org\\/wp-content\\/uploads\\/2012\\/03\\/Modulo4-022.jpg&quot;},{&quot;id&quot;:3688,&quot;url&quot;:&quot;https:\\/\\/mlgrek1xyv3l.i.optimole.com\\/w:auto\\/h:auto\\/q:mauto\\/ig:avif\\/https:\\/\\/justiciahidrica.org\\/wp-content\\/uploads\\/2025\\/05\\/Mauvoisin-dam-Switzerland2-J-Vos-scaled.jpeg&quot;},{&quot;id&quot;:728,&quot;url&quot;:&quot;https:\\/\\/mlgrek1xyv3l.i.optimole.com\\/w:auto\\/h:auto\\/q:mauto\\/ig:avif\\/https:\\/\\/justiciahidrica.org\\/wp-content\\/uploads\\/2012\\/03\\/P10105081.jpg&quot;},{&quot;id&quot;:3689,&quot;url&quot;:&quot;https:\\/\\/mlgrek1xyv3l.i.optimole.com\\/w:auto\\/h:auto\\/q:mauto\\/ig:avif\\/https:\\/\\/justiciahidrica.org\\/wp-content\\/uploads\\/2025\\/05\\/El-Chumia-fishing-camp-Rio-Huallaga3-Peru-J-vos-scaled.jpeg&quot;},{&quot;id&quot;:730,&quot;url&quot;:&quot;https:\\/\\/mlgrek1xyv3l.i.optimole.com\\/w:auto\\/h:auto\\/q:mauto\\/ig:avif\\/https:\\/\\/justiciahidrica.org\\/wp-content\\/uploads\\/2012\\/03\\/dia_0058.jpg&quot;},{&quot;id&quot;:2260,&quot;url&quot;:&quot;https:\\/\\/mlgrek1xyv3l.i.optimole.com\\/w:auto\\/h:auto\\/q:mauto\\/ig:avif\\/https:\\/\\/justiciahidrica.org\\/wp-content\\/uploads\\/2015\\/11\\/JHcursoCali2-e1447749979305.jpg&quot;},{&quot;id&quot;:3684,&quot;url&quot;:&quot;https:\\/\\/mlgrek1xyv3l.i.optimole.com\\/w:auto\\/h:auto\\/q:mauto\\/ig:avif\\/https:\\/\\/justiciahidrica.org\\/wp-content\\/uploads\\/2025\\/05\\/canoero-pajaros-en-dp-scaled.jpg&quot;},{&quot;id&quot;:78,&quot;url&quot;:&quot;https:\\/\\/mlgrek1xyv3l.i.optimole.com\\/w:auto\\/h:auto\\/q:mauto\\/ig:avif\\/https:\\/\\/justiciahidrica.org\\/wp-content\\/uploads\\/2012\\/01\\/dia_0063.jpg&quot;},{&quot;id&quot;:3686,&quot;url&quot;:&quot;https:\\/\\/mlgrek1xyv3l.i.optimole.com\\/w:auto\\/h:auto\\/q:mauto\\/ig:avif\\/https:\\/\\/justiciahidrica.org\\/wp-content\\/uploads\\/2025\\/05\\/Muyurina-Peru2-J-Vos-scaled.jpeg&quot;},{&quot;id&quot;:692,&quot;url&quot;:&quot;https:\\/\\/mlgrek1xyv3l.i.optimole.com\\/w:auto\\/h:auto\\/q:mauto\\/ig:avif\\/https:\\/\\/justiciahidrica.org\\/wp-content\\/uploads\\/2012\\/03\\/P1040396.jpg&quot;},{&quot;id&quot;:3678,&quot;url&quot;:&quot;https:\\/\\/mlgrek1xyv3l.i.optimole.com\\/w:auto\\/h:auto\\/q:mauto\\/ig:avif\\/https:\\/\\/justiciahidrica.org\\/wp-content\\/uploads\\/2025\\/05\\/Picture6.jpg&quot;},{&quot;id&quot;:3679,&quot;url&quot;:&quot;https:\\/\\/mlgrek1xyv3l.i.optimole.com\\/w:auto\\/h:auto\\/q:mauto\\/ig:avif\\/https:\\/\\/justiciahidrica.org\\/wp-content\\/uploads\\/2025\\/05\\/Picture5.jpg&quot;},{&quot;id&quot;:3680,&quot;url&quot;:&quot;https:\\/\\/mlgrek1xyv3l.i.optimole.com\\/w:auto\\/h:auto\\/q:mauto\\/ig:avif\\/https:\\/\\/justiciahidrica.org\\/wp-content\\/uploads\\/2025\\/05\\/Picture4.jpg&quot;},{&quot;id&quot;:3681,&quot;url&quot;:&quot;https:\\/\\/mlgrek1xyv3l.i.optimole.com\\/w:auto\\/h:auto\\/q:mauto\\/ig:avif\\/https:\\/\\/justiciahidrica.org\\/wp-content\\/uploads\\/2025\\/05\\/2b8310b5-6fcf-4746-acf7-048e4856b844.jpg&quot;},{&quot;id&quot;:3683,&quot;url&quot;:&quot;https:\\/\\/mlgrek1xyv3l.i.optimole.com\\/w:auto\\/h:auto\\/q:mauto\\/ig:avif\\/https:\\/\\/justiciahidrica.org\\/wp-content\\/uploads\\/2025\\/05\\/Apurimac-river-Peru-S-Orsel1-scaled.jpeg&quot;},{&quot;id&quot;:3682,&quot;url&quot;:&quot;https:\\/\\/mlgrek1xyv3l.i.optimole.com\\/w:auto\\/h:auto\\/q:mauto\\/ig:avif\\/https:\\/\\/justiciahidrica.org\\/wp-content\\/uploads\\/2025\\/05\\/cc035046-3f00-447e-aef4-c23a0fc3de9e.jpg&quot;},{&quot;id&quot;:3691,&quot;url&quot;:&quot;https:\\/\\/mlgrek1xyv3l.i.optimole.com\\/w:auto\\/h:auto\\/q:mauto\\/ig:avif\\/https:\\/\\/justiciahidrica.org\\/wp-content\\/uploads\\/2025\\/05\\/Aare-Switzerland-J-Vos-scaled.jpeg&quot;}],&quot;background_slideshow_slide_transition&quot;:&quot;slide_left&quot;,&quot;background_slideshow_slide_duration&quot;:3000,&quot;background_slideshow_loop&quot;:&quot;yes&quot;,&quot;background_slideshow_transition_duration&quot;:500}\">\n\t\t\t\t\t<div class=\"e-con-inner\">\n\t\t\t\t\t<\/div>\n\t\t\t\t<\/div>\n\t\t<div class=\"elementor-element elementor-element-007a9ba e-flex e-con-boxed e-con e-parent\" data-id=\"007a9ba\" data-element_type=\"container\">\n\t\t\t\t\t<div class=\"e-con-inner\">\n\t\t\t\t\t<\/div>\n\t\t\t\t<\/div>\n\t\t<div class=\"elementor-element elementor-element-db1013a e-flex e-con-boxed e-con e-parent\" data-id=\"db1013a\" data-element_type=\"container\">\n\t\t\t\t\t<div class=\"e-con-inner\">\n\t\t\t\t\t<\/div>\n\t\t\t\t<\/div>\n\t\t<div class=\"elementor-element elementor-element-a36a779 e-flex e-con-boxed e-con e-parent\" data-id=\"a36a779\" data-element_type=\"container\">\n\t\t\t\t\t<div class=\"e-con-inner\">\n\t\t\t\t\t<\/div>\n\t\t\t\t<\/div>\n\t\t<div class=\"elementor-element elementor-element-e42c83c e-flex e-con-boxed e-con e-parent\" data-id=\"e42c83c\" data-element_type=\"container\">\n\t\t\t\t\t<div class=\"e-con-inner\">\n\t\t\t\t\t<\/div>\n\t\t\t\t<\/div>\n\t\t\t\t<\/div>","protected":false},"excerpt":{"rendered":"<p>Justicia H\u00eddrica Acumulaci\u00f3n de agua, conflictos y estrategias de la sociedad civil Contacto Bienvenido\/a! Justicia H\u00eddrica es una alianza internacional amplia de investigaci\u00f3n, capacitaci\u00f3n y acci\u00f3n. Tiene como objetivo contribuir a la justicia en el tema de agua, en forma de pol\u00edticas h\u00eddricas democr\u00e1ticas y pr\u00e1cticas de desarrollo sostenibles que apoyen a una distribuci\u00f3n m\u00e1s [&hellip;]<\/p>","protected":false},"author":2,"featured_media":0,"parent":0,"menu_order":0,"comment_status":"closed","ping_status":"closed","template":"","meta":{"_bbp_topic_count":0,"_bbp_reply_count":0,"_bbp_total_topic_count":0,"_bbp_total_reply_count":0,"_bbp_voice_count":0,"_bbp_anonymous_reply_count":0,"_bbp_topic_count_hidden":0,"_bbp_reply_count_hidden":0,"_bbp_forum_subforum_count":0,"footnotes":""},"class_list":["post-2940","page","type-page","status-publish","hentry"],"_links":{"self":[{"href":"https:\/\/justiciahidrica.org\/en\/wp-json\/wp\/v2\/pages\/2940","targetHints":{"allow":["GET"]}}],"collection":[{"href":"https:\/\/justiciahidrica.org\/en\/wp-json\/wp\/v2\/pages"}],"about":[{"href":"https:\/\/justiciahidrica.org\/en\/wp-json\/wp\/v2\/types\/page"}],"author":[{"embeddable":true,"href":"https:\/\/justiciahidrica.org\/en\/wp-json\/wp\/v2\/users\/2"}],"replies":[{"embeddable":true,"href":"https:\/\/justiciahidrica.org\/en\/wp-json\/wp\/v2\/comments?post=2940"}],"version-history":[{"count":200,"href":"https:\/\/justiciahidrica.org\/en\/wp-json\/wp\/v2\/pages\/2940\/revisions"}],"predecessor-version":[{"id":4512,"href":"https:\/\/justiciahidrica.org\/en\/wp-json\/wp\/v2\/pages\/2940\/revisions\/4512"}],"wp:attachment":[{"href":"https:\/\/justiciahidrica.org\/en\/wp-json\/wp\/v2\/media?parent=2940"}],"curies":[{"name":"wp","href":"https:\/\/api.w.org\/{rel}","templated":true}]}}