{"id":73,"date":"2012-01-31T21:52:08","date_gmt":"2012-01-31T20:52:08","guid":{"rendered":"https:\/\/justiciahidrica.org\/?page_id=73"},"modified":"2025-12-03T10:32:39","modified_gmt":"2025-12-03T09:32:39","slug":"contact","status":"publish","type":"page","link":"https:\/\/justiciahidrica.org\/en\/contact\/","title":{"rendered":"Contact"},"content":{"rendered":"<div data-elementor-type=\"wp-page\" data-elementor-id=\"73\" class=\"elementor elementor-73\">\n\t\t\t\t<div class=\"elementor-element elementor-element-514e170 e-flex e-con-boxed e-con e-parent\" data-id=\"514e170\" data-element_type=\"container\">\n\t\t\t\t\t<div class=\"e-con-inner\">\n\t\t\t\t<div class=\"elementor-element elementor-element-5a37f6c elementor-widget elementor-widget-spacer\" data-id=\"5a37f6c\" data-element_type=\"widget\" data-widget_type=\"spacer.default\">\n\t\t\t\t<div class=\"elementor-widget-container\">\n\t\t\t\t\t\t\t<div class=\"elementor-spacer\">\n\t\t\t<div class=\"elementor-spacer-inner\"><\/div>\n\t\t<\/div>\n\t\t\t\t\t\t<\/div>\n\t\t\t\t<\/div>\n\t\t\t\t\t<\/div>\n\t\t\t\t<\/div>\n\t\t<div class=\"elementor-element elementor-element-57b21ca e-con-full e-flex e-con e-parent\" data-id=\"57b21ca\" data-element_type=\"container\">\n\t\t<div class=\"elementor-element elementor-element-64a77af e-con-full e-flex e-con e-child\" data-id=\"64a77af\" data-element_type=\"container\">\n\t\t\t\t<div class=\"elementor-element elementor-element-aee39c1 elementor-widget elementor-widget-heading\" data-id=\"aee39c1\" data-element_type=\"widget\" data-settings=\"{&quot;_animation&quot;:&quot;none&quot;}\" data-widget_type=\"heading.default\">\n\t\t\t\t<div class=\"elementor-widget-container\">\n\t\t\t\t\t<h2 class=\"elementor-heading-title elementor-size-default\">Contact <\/h2>\t\t\t\t<\/div>\n\t\t\t\t<\/div>\n\t\t\t\t<div class=\"elementor-element elementor-element-3201a90 elementor-widget-divider--view-line elementor-invisible elementor-widget elementor-widget-divider\" data-id=\"3201a90\" data-element_type=\"widget\" data-settings=\"{&quot;_animation&quot;:&quot;fadeIn&quot;}\" data-widget_type=\"divider.default\">\n\t\t\t\t<div class=\"elementor-widget-container\">\n\t\t\t\t\t\t\t<div class=\"elementor-divider\">\n\t\t\t<span class=\"elementor-divider-separator\">\n\t\t\t\t\t\t<\/span>\n\t\t<\/div>\n\t\t\t\t\t\t<\/div>\n\t\t\t\t<\/div>\n\t\t\t\t<div class=\"elementor-element elementor-element-1ecac68 elementor-widget elementor-widget-text-editor\" data-id=\"1ecac68\" data-element_type=\"widget\" data-widget_type=\"text-editor.default\">\n\t\t\t\t<div class=\"elementor-widget-container\">\n\t\t\t\t\t\t\t\t\t<p><span class=\"Y2IQFc\" lang=\"es\">The Water Justice Alliance is coordinated by Wageningen University:\u00a0<\/span><span style=\"color: #333399;\"><a style=\"color: #333399;\" href=\"https:\/\/www.wur.nl\/en\/Research-Results\/Chair-groups\/Environmental-Sciences\/Water-Resources-Management\/Contact.htm\" target=\"_blank\" rel=\"noopener\">Water Resources Management group.<\/a><\/span><\/p><p class=\"translation-block\">For information about our team, activities and news, visit <span style=\"color: #333399\"><a style=\"color: #333399\" href=\"https:\/\/movingrivers.org\/\" target=\"_blank\" rel=\"noopener\">el sitio web de Moving Rivers.<\/a><\/span><\/span><\/p>\t\t\t\t\t\t\t\t<\/div>\n\t\t\t\t<\/div>\n\t\t\t\t<div class=\"elementor-element elementor-element-3a7cab8 elementor-widget elementor-widget-text-editor\" data-id=\"3a7cab8\" data-element_type=\"widget\" data-widget_type=\"text-editor.default\">\n\t\t\t\t<div class=\"elementor-widget-container\">\n\t\t\t\t\t\t\t\t\t<p><span class=\"Y2IQFc\" lang=\"es\">For general information about the Water Justice Alliance's activities, outreach, and website, please complete the contact form below:<\/span><\/p>\t\t\t\t\t\t\t\t<\/div>\n\t\t\t\t<\/div>\n\t\t\t\t<div class=\"elementor-element elementor-element-60c4002 elementor-invisible elementor-widget elementor-widget-wpforms\" data-id=\"60c4002\" data-element_type=\"widget\" data-settings=\"{&quot;_animation&quot;:&quot;fadeIn&quot;}\" data-widget_type=\"wpforms.default\">\n\t\t\t\t<div class=\"elementor-widget-container\">\n\t\t\t\t\t<div class=\"wpforms-container wpforms-container-full wpforms-render-modern\" id=\"wpforms-3644\"><form id=\"wpforms-form-3644\" class=\"wpforms-validate wpforms-form wpforms-ajax-form\" data-formid=\"3644\" method=\"post\" enctype=\"multipart\/form-data\" action=\"\/en\/wp-json\/wp\/v2\/pages\/73\" data-token=\"7df825e8a7a0b850e83ed9bf3f23cafe\" data-token-time=\"1776400942\" data-trp-original-action=\"\/en\/wp-json\/wp\/v2\/pages\/73\"><noscript class=\"wpforms-error-noscript\">Please enable JavaScript in your browser to complete this form.<\/noscript><div id=\"wpforms-error-noscript\" style=\"display: none;\">Please enable JavaScript in your browser to complete this form.<\/div><div class=\"wpforms-field-container\"><div id=\"wpforms-3644-field_1-container\" class=\"wpforms-field wpforms-field-name\" data-field-id=\"1\"><fieldset><legend class=\"wpforms-field-label\">Nombre <span class=\"wpforms-required-label\" aria-hidden=\"true\">*<\/span><\/legend><div class=\"wpforms-field-row wpforms-field-medium\"><div class=\"wpforms-field-row-block wpforms-first wpforms-one-half\"><input type=\"text\" id=\"wpforms-3644-field_1\" class=\"wpforms-field-name-first wpforms-field-required\" name=\"wpforms[fields][1][first]\" aria-errormessage=\"wpforms-3644-field_1-error\" required><label for=\"wpforms-3644-field_1\" class=\"wpforms-field-sublabel after\">First<\/label><\/div><div class=\"wpforms-field-row-block wpforms-one-half\"><input type=\"text\" id=\"wpforms-3644-field_1-last\" class=\"wpforms-field-name-last wpforms-field-required\" name=\"wpforms[fields][1][last]\" aria-errormessage=\"wpforms-3644-field_1-last-error\" required><label for=\"wpforms-3644-field_1-last\" class=\"wpforms-field-sublabel after\">Last<\/label><\/div><\/div><\/fieldset><\/div>\t\t<div id=\"wpforms-3644-field_4-container\"\n\t\t\tclass=\"wpforms-field wpforms-field-text\"\n\t\t\tdata-field-type=\"text\"\n\t\t\tdata-field-id=\"4\"\n\t\t\t>\n\t\t\t<label class=\"wpforms-field-label\" for=\"wpforms-3644-field_4\" >Nombre Comentario o<\/label>\n\t\t\t<input type=\"text\" id=\"wpforms-3644-field_4\" class=\"wpforms-field-medium\" name=\"wpforms[fields][4]\" >\n\t\t<\/div>\n\t\t<div id=\"wpforms-3644-field_2-container\" class=\"wpforms-field wpforms-field-email\" data-field-id=\"2\"><label class=\"wpforms-field-label\" for=\"wpforms-3644-field_2\">Email <span class=\"wpforms-required-label\" aria-hidden=\"true\">*<\/span><\/label><input type=\"email\" id=\"wpforms-3644-field_2\" class=\"wpforms-field-medium wpforms-field-required\" name=\"wpforms[fields][2]\" spellcheck=\"false\" aria-errormessage=\"wpforms-3644-field_2-error\" required><\/div><div id=\"wpforms-3644-field_3-container\" class=\"wpforms-field wpforms-field-textarea\" data-field-id=\"3\"><label class=\"wpforms-field-label\" for=\"wpforms-3644-field_3\">Comentario o mensaje<\/label><textarea id=\"wpforms-3644-field_3\" class=\"wpforms-field-medium\" name=\"wpforms[fields][3]\" aria-errormessage=\"wpforms-3644-field_3-error\" ><\/textarea><\/div><script>\n\t\t\t\t( function() {\n\t\t\t\t\tconst style = document.createElement( 'style' );\n\t\t\t\t\tstyle.appendChild( document.createTextNode( '#wpforms-3644-field_4-container { position: absolute !important; overflow: hidden !important; display: inline !important; height: 1px !important; width: 1px !important; z-index: -1000 !important; padding: 0 !important; } #wpforms-3644-field_4-container input { visibility: hidden; } #wpforms-conversational-form-page #wpforms-3644-field_4-container label { counter-increment: none; }' ) );\n\t\t\t\t\tdocument.head.appendChild( style );\n\t\t\t\t\tdocument.currentScript?.remove();\n\t\t\t\t} )();\n\t\t\t<\/script><\/div><!-- .wpforms-field-container --><div class=\"wpforms-submit-container\" ><input type=\"hidden\" name=\"wpforms[id]\" value=\"3644\"><input type=\"hidden\" name=\"page_title\" value=\"\"><input type=\"hidden\" name=\"page_url\" value=\"https:\/\/justiciahidrica.org\/en\/wp-json\/wp\/v2\/pages\/73\"><input type=\"hidden\" name=\"url_referer\" value=\"\"><button type=\"submit\" name=\"wpforms[submit]\" id=\"wpforms-submit-3644\" class=\"wpforms-submit\" data-alt-text=\"Sending...\" data-submit-text=\"Submit\" aria-live=\"assertive\" value=\"wpforms-submit\">Submit<\/button><img data-opt-id=1213804482  fetchpriority=\"high\" decoding=\"async\" src=\"https:\/\/mlgrek1xyv3l.i.optimole.com\/w:auto\/h:auto\/q:mauto\/ig:avif\/https:\/\/justiciahidrica.org\/wp-content\/plugins\/wpforms-lite\/assets\/images\/submit-spin.svg\" class=\"wpforms-submit-spinner\" style=\"display: none;\" width=\"26\" height=\"26\" alt=\"Loading\"><\/div><input type=\"hidden\" name=\"trp-form-language\" value=\"en\"\/><\/form><\/div>  <!-- .wpforms-container -->\t\t\t\t<\/div>\n\t\t\t\t<\/div>\n\t\t\t\t<\/div>\n\t\t\t\t<\/div>\n\t\t\t\t<\/div>","protected":false},"excerpt":{"rendered":"<p>Contacto La alianza Justicia H\u00eddrica est\u00e1 coordinada por la Universidad de Wageningen:\u00a0Water Resources Management group. Para obtener informaci\u00f3n sobre nuestro equipo, actividades y noticias, visite el sitio web de Moving Rivers. Para informaci\u00f3n general sobre las actividades, difusi\u00f3n y sitio web de la alianza Justicia H\u00eddrica, por favor complete el formulario de contacto a continuaci\u00f3n: [&hellip;]<\/p>","protected":false},"author":1,"featured_media":0,"parent":0,"menu_order":6,"comment_status":"closed","ping_status":"closed","template":"","meta":{"_bbp_topic_count":0,"_bbp_reply_count":0,"_bbp_total_topic_count":0,"_bbp_total_reply_count":0,"_bbp_voice_count":0,"_bbp_anonymous_reply_count":0,"_bbp_topic_count_hidden":0,"_bbp_reply_count_hidden":0,"_bbp_forum_subforum_count":0,"footnotes":""},"class_list":["post-73","page","type-page","status-publish","hentry"],"_links":{"self":[{"href":"https:\/\/justiciahidrica.org\/en\/wp-json\/wp\/v2\/pages\/73","targetHints":{"allow":["GET"]}}],"collection":[{"href":"https:\/\/justiciahidrica.org\/en\/wp-json\/wp\/v2\/pages"}],"about":[{"href":"https:\/\/justiciahidrica.org\/en\/wp-json\/wp\/v2\/types\/page"}],"author":[{"embeddable":true,"href":"https:\/\/justiciahidrica.org\/en\/wp-json\/wp\/v2\/users\/1"}],"replies":[{"embeddable":true,"href":"https:\/\/justiciahidrica.org\/en\/wp-json\/wp\/v2\/comments?post=73"}],"version-history":[{"count":135,"href":"https:\/\/justiciahidrica.org\/en\/wp-json\/wp\/v2\/pages\/73\/revisions"}],"predecessor-version":[{"id":4521,"href":"https:\/\/justiciahidrica.org\/en\/wp-json\/wp\/v2\/pages\/73\/revisions\/4521"}],"wp:attachment":[{"href":"https:\/\/justiciahidrica.org\/en\/wp-json\/wp\/v2\/media?parent=73"}],"curies":[{"name":"wp","href":"https:\/\/api.w.org\/{rel}","templated":true}]}}